{"id":5002,"date":"2021-09-16T13:31:30","date_gmt":"2021-09-16T11:31:30","guid":{"rendered":"https:\/\/oleificioalmulino.it\/?page_id=5002"},"modified":"2021-09-17T16:24:10","modified_gmt":"2021-09-17T14:24:10","slug":"faux-mythes-sur-lhuile-dolive","status":"publish","type":"page","link":"https:\/\/oleificioalmulino.it\/fr\/faux-mythes-sur-lhuile-dolive\/","title":{"rendered":"Faux mythes sur l&rsquo;huile d&rsquo;olive"},"content":{"rendered":"<p>En se connectant \u00e0 la grande <a href=\"https:\/\/oleificioalmulino.it\/fr\/qualite-percue-et-qualite-reelle\/\"><span style=\"color: #99cc00;\">diff\u00e9rence entre la perception de la qualit\u00e9 et sa valeur r\u00e9elle<\/span><\/a>, il semble utile de dissiper certains clich\u00e9s qui existent dans le secteur ol\u00e9icole qui, au fil des ans et pour des raisons exclusivement commerciales, se sont gliss\u00e9s dans l&rsquo;imaginaire collectif comme vrais.<\/p>\n<h2>Huile d&rsquo;Olive<\/h2>\n<p><img decoding=\"async\" class=\"alignright wp-image-5006 lazyload\" src=\"data:image\/gif;base64,R0lGODlhAQABAIAAAAAAAP\/\/\/yH5BAEAAAAALAAAAAABAAEAAAIBRAA7\" data-src=\"https:\/\/oleificioalmulino.it\/wp-content\/uploads\/2021\/06\/1olio-oliva.jpg\" alt=\"\" width=\"450\" height=\"340\" \/><noscript><img decoding=\"async\" class=\"alignright wp-image-5006 lazyload\" src=\"https:\/\/oleificioalmulino.it\/wp-content\/uploads\/2021\/06\/1olio-oliva.jpg\" alt=\"\" width=\"450\" height=\"340\" srcset=\"https:\/\/oleificioalmulino.it\/wp-content\/uploads\/2021\/06\/1olio-oliva-200x151.jpg 200w, https:\/\/oleificioalmulino.it\/wp-content\/uploads\/2021\/06\/1olio-oliva-300x226.jpg 300w, https:\/\/oleificioalmulino.it\/wp-content\/uploads\/2021\/06\/1olio-oliva-400x302.jpg 400w, https:\/\/oleificioalmulino.it\/wp-content\/uploads\/2021\/06\/1olio-oliva-500x377.jpg 500w, https:\/\/oleificioalmulino.it\/wp-content\/uploads\/2021\/06\/1olio-oliva-600x453.jpg 600w, https:\/\/oleificioalmulino.it\/wp-content\/uploads\/2021\/06\/1olio-oliva-700x528.jpg 700w, https:\/\/oleificioalmulino.it\/wp-content\/uploads\/2021\/06\/1olio-oliva-768x579.jpg 768w, https:\/\/oleificioalmulino.it\/wp-content\/uploads\/2021\/06\/1olio-oliva.jpg 778w\" sizes=\"(max-width: 450px) 100vw, 450px\" \/><\/noscript><\/p>\n<p>Peut-\u00eatre que tout le monde ne sait pas qu&rsquo;officiellement \u00ab\u00a0<a href=\"https:\/\/oleificioalmulino.it\/fr\/qualite-percue-et-qualite-reelle\/\"><span style=\"color: #99cc00;\">huile d&rsquo;olive<\/span><\/a>\u00a0\u00bb d\u00e9signe le produit obtenu \u00e0 partir <span style=\"color: #99cc00;\">du m\u00e9lange<\/span> d&rsquo;un grand pourcentage d&rsquo;huile provenant du raffinage de la partie non comestible des r\u00e9sidus du pressage des olives <span style=\"color: #99cc00;\">(huile lampante)<\/span> et d&rsquo;un petit pourcentage d&rsquo;huile vierge. et l&rsquo;huile d&rsquo;olive extra vierge qui est ajout\u00e9e \u00e0 l&rsquo;huile lampante raffin\u00e9e pour en am\u00e9liorer le go\u00fbt. \u00c0 notre avis, le consommateur devrait \u00eatre en mesure de mieux comprendre que ce n&rsquo;est que lorsqu&rsquo;il ach\u00e8te une \u00ab\u00a0<a href=\"https:\/\/oleificioalmulino.it\/fr\/la-qualite-objective-de-lhuile-dolive\/\"><span style=\"color: #99cc00;\">huile d&rsquo;olive extra vierge<\/span><\/a>\u00a0\u00bb qu&rsquo;il ach\u00e8te un produit provenant exclusivement de la pressage des olives \u00e0 l&rsquo;aide de moyens m\u00e9caniques uniquement et sans l&rsquo;utilisation d&rsquo;aucun proc\u00e9d\u00e9 chimique.Il doit \u00e9galement savoir qu&rsquo;une bonne huile d&rsquo;olive extra vierge doit avoir un go\u00fbt fruit\u00e9 absolument parfait qui rappelle l&rsquo;olive saine et fra\u00eeche, ainsi que le respect de la valeurs d&rsquo;acidit\u00e9 et de peroxydes requises.<\/p>\n<h2>Digestibilit\u00e9<\/h2>\n<p>La plupart des consommateurs pensent \u00e0 tort que <a href=\"https:\/\/oleificioalmulino.it\/fr\/qualite-percue-et-qualite-reelle\/\"><span style=\"color: #99cc00;\">\u00ab\u00a0l&rsquo;huile d&rsquo;olive est plus lourde\u00a0\u00bb<\/span><\/a> pour le corps et moins digeste que les autres graisses alimentaires. C&rsquo;est absolument faux car des recherches ont montr\u00e9 que les huiles d&rsquo;olive,<span style=\"color: #99cc00;\"><a style=\"color: #99cc00;\" href=\"https:\/\/oleificioalmulino.it\/fr\/proprietes-benefiques\/\"> naturellement riches en acides gras monoinsatur\u00e9s,<\/a> ont un coefficient de digestibilit\u00e9 plus \u00e9lev\u00e9 que les huiles de graines<\/span> (qui au contraire ont une plus grande pr\u00e9sence d&rsquo;acides gras polyinsatur\u00e9s) mais surtout par rapport aux graisses d&rsquo;origine animale consistant en essentiellement d&rsquo;acides gras satur\u00e9s, tr\u00e8s nocifs pour l&rsquo;organisme. De plus, les huiles d&rsquo;olive extra vierge de haute qualit\u00e9, avec un faible degr\u00e9 d&rsquo;acidit\u00e9, sont parfaitement digestibles et ont une excellente tol\u00e9rance gastrique.<\/p>\n<h2>Valeur Calorique<\/h2>\n<p>D&rsquo;un point de vue di\u00e9t\u00e9tique et nutritionnel, un gramme de graisse d&rsquo;huile extra vierge <span style=\"color: #99cc00;\">produit 9 calories<\/span> autant que toutes les autres graisses v\u00e9g\u00e9tales. L&rsquo;huile d&rsquo;olive <a href=\"https:\/\/oleificioalmulino.it\/fr\/qualite-percue-et-qualite-reelle\/\"><span style=\"color: #99cc00;\">n&rsquo;est donc pas plus grasse que les autres huiles<\/span><\/a>, par cons\u00e9quent aucun avantage n&rsquo;est obtenu pour la lign\u00e9e en utilisant des huiles de graines, mais par rapport \u00e0 elles <a href=\"https:\/\/oleificioalmulino.it\/fr\/proprietes-benefiques\/\"><span style=\"color: #99cc00;\">une bonne extra vierge a le grand avantage de contenir de nombreuses substances antioxydantes<\/span><\/a> qui aident \u00e0 pr\u00e9venir de nombreuses maladies. La quantit\u00e9 d&rsquo;huile d&rsquo;olive qui peut \u00eatre consomm\u00e9e dans l&rsquo;alimentation quotidienne par un individu en bonne sant\u00e9 est \u00e9gale \u00e0 40 grammes.<\/p>\n<h2>La friture<\/h2>\n<p><img decoding=\"async\" class=\"alignright wp-image-5007 lazyload\" src=\"data:image\/gif;base64,R0lGODlhAQABAIAAAAAAAP\/\/\/yH5BAEAAAAALAAAAAABAAEAAAIBRAA7\" data-src=\"https:\/\/oleificioalmulino.it\/wp-content\/uploads\/2021\/06\/2frittura.jpg\" alt=\"\" width=\"450\" height=\"293\" \/><noscript><img decoding=\"async\" class=\"alignright wp-image-5007 lazyload\" src=\"https:\/\/oleificioalmulino.it\/wp-content\/uploads\/2021\/06\/2frittura.jpg\" alt=\"\" width=\"450\" height=\"293\" srcset=\"https:\/\/oleificioalmulino.it\/wp-content\/uploads\/2021\/06\/2frittura-200x130.jpg 200w, https:\/\/oleificioalmulino.it\/wp-content\/uploads\/2021\/06\/2frittura-300x195.jpg 300w, https:\/\/oleificioalmulino.it\/wp-content\/uploads\/2021\/06\/2frittura-400x261.jpg 400w, https:\/\/oleificioalmulino.it\/wp-content\/uploads\/2021\/06\/2frittura-500x326.jpg 500w, https:\/\/oleificioalmulino.it\/wp-content\/uploads\/2021\/06\/2frittura-600x391.jpg 600w, https:\/\/oleificioalmulino.it\/wp-content\/uploads\/2021\/06\/2frittura-700x456.jpg 700w, https:\/\/oleificioalmulino.it\/wp-content\/uploads\/2021\/06\/2frittura.jpg 749w\" sizes=\"(max-width: 450px) 100vw, 450px\" \/><\/noscript><\/p>\n<p>Un autre faux mythe est li\u00e9 \u00e0 la friture, pendant des ann\u00e9es, les gens ont \u00e9t\u00e9 amen\u00e9s \u00e0 croire que parmi toutes les graisses alimentaires, celles des graines sont les plus appropri\u00e9es pour la friture. D&rsquo;autre part, des recherches scientifiques ont montr\u00e9 que par rapport \u00e0 d&rsquo;autres graisses alimentaires, l&rsquo;huile d&rsquo;olive extra vierge <a href=\"https:\/\/oleificioalmulino.it\/fr\/la-qualite-objective-de-lhuile-dolive\/\"><span style=\"color: #99cc00;\">r\u00e9siste mieux aux processus de thermo-oxydation provoqu\u00e9s par la friture<\/span><\/a> pour deux raisons : contrairement aux graisses animales, l&rsquo;huile est<a href=\"https:\/\/oleificioalmulino.it\/fr\/proprietes-benefiques\/\"><span style=\"color: #99cc00;\"> dot\u00e9e d&rsquo;antioxydants<\/span><\/a> et aussi parce qu&rsquo;elle se compose principalement d&rsquo;<a href=\"https:\/\/oleificioalmulino.it\/fr\/proprietes-benefiques\/\"><span style=\"color: #99cc00;\">acides gras monoinsatur\u00e9s<\/span><\/a> qui ont un taux d&rsquo;oxydation beaucoup plus faible \u00e0 haute temp\u00e9rature que les acides gras polyinsatur\u00e9s pr\u00e9sents en plus grande quantit\u00e9 dans les huiles de graines.<\/p>\n<h2>Point de Fum\u00e9e<\/h2>\n<p>Contrairement \u00e0 la croyance populaire, l&rsquo;huile d&rsquo;olive a un <a href=\"https:\/\/oleificioalmulino.it\/fr\/qualite-percue-et-qualite-reelle\/\"><span style=\"color: #99cc00;\">point de fum\u00e9e plus \u00e9lev\u00e9 que les huiles de graines<\/span><\/a>. Le point de fum\u00e9e est la temp\u00e9rature au-dessus de laquelle le glyc\u00e9rol, contenu dans les triglyc\u00e9rides, se d\u00e9compose en acrol\u00e9ine, une substance nocive qui irrite la muqueuse gastrique, ralentit les processus digestifs et endommage le foie. <a href=\"https:\/\/oleificioalmulino.it\/fr\/la-qualite-objective-de-lhuile-dolive\/\"><span style=\"color: #99cc00;\">Les huiles d&rsquo;olive extra vierge de qualit\u00e9, \u00e0 faible acidit\u00e9, r\u00e9sistent mieux aux temp\u00e9ratures \u00e9lev\u00e9es que d&rsquo;autres \u00e0 plus forte acidit\u00e9<\/span>.<\/a><\/p>\n<h2>Acidit\u00e9 confuse avec sensation de piquant<\/h2>\n<p>Combien de fois avons-nous entendu dire que cette huile est trop acide alors qu&rsquo;elle est juste un peu \u00e9pic\u00e9e. <a href=\"https:\/\/oleificioalmulino.it\/fr\/qualite-percue-et-qualite-reelle\/\"><span style=\"color: #99cc00;\">Le degr\u00e9 d&rsquo;acidit\u00e9 de toute huile d&rsquo;olive vierge extra n&rsquo;est jamais perceptible au niveau gustatif<\/span><\/a>,\u00a0il ne peut \u00eatre d\u00e9termin\u00e9 que par des analyses chimiques. Les sensations <a href=\"https:\/\/oleificioalmulino.it\/fr\/proprietes-benefiques\/\"><span style=\"color: #99cc00;\">\u00e9pic\u00e9es et am\u00e8res<\/span><\/a> sont plut\u00f4t des caract\u00e9ristiques organoleptiques positives que l&rsquo;on retrouve dans une bonne huile d&rsquo;olive extra vierge. Celles-ci sont plus prononc\u00e9es lorsque le fruit est r\u00e9colt\u00e9 vert et sont d\u00e9termin\u00e9es par la pr\u00e9sence dans l&rsquo;huile de <span style=\"color: #000000;\">polyph\u00e9nols<\/span>, ces antioxydants naturels aujourd&rsquo;hui si recherch\u00e9s car ils retardent et neutralisent la formation de radicaux libres, nocifs pour notre organisme.<\/p>\n<h2><span class=\"VIiyi\" lang=\"fr\"><span class=\"JLqJ4b ChMk0b\" data-language-for-alternatives=\"fr\" data-language-to-translate-into=\"it\" data-phrase-index=\"0\">Couleur, densit\u00e9 et qualit\u00e9<\/span><\/span><\/h2>\n<p>Nous sommes habitu\u00e9s \u00e0 penser que les huiles plus \u00e9paisses sont meilleures que les plus claires, c&rsquo;est aussi un faux mythe. Malheureusement, une g\u00e9n\u00e9ralisation ne peut \u00eatre faite car la <a href=\"https:\/\/oleificioalmulino.it\/fr\/qualite-percue-et-qualite-reelle\/\"><span style=\"color: #99cc00;\">densit\u00e9 ou la clart\u00e9 d\u00e9pend de divers facteurs<\/span><\/a> tels que le type de cultivar et sa composition en acides gras. Entre autres, il existe plusieurs m\u00e9thodes pour rendre une huile plus attractive en la rendant plus \u00e9paisse, <span style=\"color: #99cc00;\">il est donc conseill\u00e9 de ne pas se fier \u00e0 ce param\u00e8tre<\/span>.<\/p>\n<p>En conclusion, pour acheter une bonne huile d&rsquo;olive extra vierge il faut surtout se laisser guider par <span style=\"color: #99cc00;\">notre exp\u00e9rience<\/span>, par les <a href=\"https:\/\/oleificioalmulino.it\/fr\/facteurs-qui-determinent-la-qualite-de-lhuile-dolive\/\"><span style=\"color: #99cc00;\">caract\u00e9ristiques organoleptiques<\/span> <\/a>du produit, mais aussi par la relation de confiance \u00e9tablie au fil du temps avec notre fournisseur qui est autant bas\u00e9e sur la <a href=\"https:\/\/oleificioalmulino.it\/fr\/la-qualite-objective-de-lhuile-dolive\/\"><span style=\"color: #99cc00;\">justesse et transparence de l&rsquo;information<\/span><\/a> que possible.<\/p>\n","protected":false},"excerpt":{"rendered":"<p>En se connectant \u00e0 la grande diff\u00e9rence entre la perception [&hellip;]<\/p>\n","protected":false},"author":2,"featured_media":0,"parent":0,"menu_order":0,"comment_status":"closed","ping_status":"closed","template":"","meta":{"inline_featured_image":false,"footnotes":""},"class_list":["post-5002","page","type-page","status-publish","hentry"],"_links":{"self":[{"href":"https:\/\/oleificioalmulino.it\/fr\/wp-json\/wp\/v2\/pages\/5002"}],"collection":[{"href":"https:\/\/oleificioalmulino.it\/fr\/wp-json\/wp\/v2\/pages"}],"about":[{"href":"https:\/\/oleificioalmulino.it\/fr\/wp-json\/wp\/v2\/types\/page"}],"author":[{"embeddable":true,"href":"https:\/\/oleificioalmulino.it\/fr\/wp-json\/wp\/v2\/users\/2"}],"replies":[{"embeddable":true,"href":"https:\/\/oleificioalmulino.it\/fr\/wp-json\/wp\/v2\/comments?post=5002"}],"version-history":[{"count":0,"href":"https:\/\/oleificioalmulino.it\/fr\/wp-json\/wp\/v2\/pages\/5002\/revisions"}],"wp:attachment":[{"href":"https:\/\/oleificioalmulino.it\/fr\/wp-json\/wp\/v2\/media?parent=5002"}],"curies":[{"name":"wp","href":"https:\/\/api.w.org\/{rel}","templated":true}]}}