{"id":5053,"date":"2021-09-16T13:35:58","date_gmt":"2021-09-16T11:35:58","guid":{"rendered":"https:\/\/oleificioalmulino.it\/?page_id=5053"},"modified":"2021-09-16T13:35:58","modified_gmt":"2021-09-16T11:35:58","slug":"frais-et-methodes-dexpedition","status":"publish","type":"page","link":"https:\/\/oleificioalmulino.it\/fr\/frais-et-methodes-dexpedition\/","title":{"rendered":"Frais et m\u00e9thodes d&rsquo;exp\u00e9dition"},"content":{"rendered":"<p><strong>TARIFS ET FACTURATION <\/strong><\/p>\n<p>Les prix, publi\u00e9s \u00e0 c\u00f4t\u00e9 de chaque produit en vente, comprennent la TVA et toutes les autres taxes et droits en vigueur. Le montant total factur\u00e9 est la somme des prix des produits achet\u00e9s (en vigueur et publi\u00e9s sur le site au moment de la commande), augment\u00e9e de la participation aux frais de livraison, quand pr\u00e9vu.<\/p>\n<p>&nbsp;<\/p>\n<p><strong>CONDITIONS DE LIVRAISON <\/strong><\/p>\n<p>L\u2019Oleificio Al Mulino di Troia Rosario, qui g\u00e8re le portail www.oleificioalmulino.it, effectue la livraison \u00e0 domicile via diff\u00e9rents coursiers (selon le poids et la zone) offrant une tra\u00e7abilit\u00e9 de la exp\u00e9dition. Les commandes pass\u00e9es sont r\u00e9gl\u00e9es dans les 3 jours ouvrables suivant leur r\u00e9ception et l&rsquo;exp\u00e9dition est garantie pour la valeur totale de la commande. Nous vous rappelons qu&rsquo;en cas de paiement par virement bancaire, les ne seront exp\u00e9di\u00e9s que lorsque nous verrons le cr\u00e9dit des sommes sur notre compte bancaire et donc l&rsquo;envoi du virement bancaire par le client ne pourra \u00eatre consid\u00e9r\u00e9 comme une confirmation de commande jusqu&rsquo;\u00e0 ce que nous soyons cr\u00e9dit\u00e9es.<\/p>\n<p><strong>\u00a0<\/strong><\/p>\n<p><strong>Livraisons en Italie en 3\/5 jours ouvr\u00e9s <\/strong><\/p>\n<p>Transporteurs utilis\u00e9s : UPS &#8211; SDA &#8211; Passalacqua &amp; C SRL.<\/p>\n<p><strong>Livraisons dans le reste du monde en 10\/12 jours ouvr\u00e9s<\/strong><\/p>\n<p>Transporteurs utilis\u00e9s : UPS &#8211; SDA &#8211; Passalacqua &amp; C SRL.<\/p>\n<p>&nbsp;<\/p>\n<p>Au moment de la livraison, l&rsquo;Utilisateur doit v\u00e9rifier le contenu du colis et signaler rapidement toute anomalie aux coordonn\u00e9es indiqu\u00e9es dans ce document ou telles que d\u00e9crites dans le bon de livraison. Les utilisateurs peuvent refuser d&rsquo;accepter le colis s&rsquo;il est visiblement endommag\u00e9.<\/p>\n<p>La livraison peut avoir lieu dans les pays ou territoires sp\u00e9cifi\u00e9s dans la section correspondante de www.oleificioalmulino.it.<\/p>\n<p>L\u2019Oleificio Al Mulino di Troia Rosario n&rsquo;est en aucun cas responsable des erreurs de livraison r\u00e9sultant d&rsquo;inexactitudes ou d&rsquo;omissions commises par l&rsquo;utilisateur lors de l&rsquo;ex\u00e9cution du bon de commande, ni de tout dommage ou retard survenu apr\u00e8s la livraison si le courrier a \u00e9t\u00e9 charg\u00e9 de l&rsquo;utilisateur.<\/p>\n<p>Dans le cas o\u00f9 les marchandises ne sont pas livr\u00e9es ou r\u00e9cup\u00e9r\u00e9es \u00e0 l&rsquo;heure ou dans les d\u00e9lais, elles seront retourn\u00e9 a Oleificio Al Mulino di Troia Rosario, qui contactera l&rsquo;utilisateur pour planifier une deuxi\u00e8me tentative de livraison ou convenir de mesures suppl\u00e9mentaires.<\/p>\n<p>Sauf indication contraire, toute tentative de livraison \u00e0 partir de la seconde sera factur\u00e9e \u00e0 l&rsquo;Utilisateur.<\/p>\n<p>&nbsp;<\/p>\n<p><strong>FRAIS DE PORT <\/strong><\/p>\n<p>Les frais de port sont calcul\u00e9s automatiquement par le syst\u00e8me en fonction du poids des colis et de la zone de destination.<\/p>\n<p>Ci-dessous un tableau r\u00e9capitulatif des frais de port pour l&rsquo;Italie et Saint-Marin (les frais de port pour l&rsquo;\u00e9tranger sont calcul\u00e9s automatiquement par le syst\u00e8me) :<\/p>\n<p>&nbsp;<\/p>\n<p><strong>BANDES DE POIS KG \u00a0\u00a0\u00a0\u00a0\u00a0\u00a0FRAIS DE PORT EURO<\/strong><\/p>\n<p>0 &#8211; 2\u00a0 \u00a0 \u00a0 \u00a0 \u00a0 \u00a0 \u00a0 \u00a0 \u00a0 \u00a0 \u00a0 \u00a0 \u00a0 \u00a0 \u00a0 \u00a0 \u00a0 \u00a0 \u00a0 \u00a0 \u00a0 \u00a0 \u00a0 \u00a0 \u00a0 \u00a0 \u00a0 \u00a0 \u00a0 \u00a0 8,00<\/p>\n<p>2,1 &#8211; 10\u00a0 \u00a0 \u00a0 \u00a0 \u00a0 \u00a0 \u00a0 \u00a0 \u00a0 \u00a0 \u00a0 \u00a0 \u00a0 \u00a0 \u00a0 \u00a0 \u00a0 \u00a0 \u00a0 \u00a0 \u00a0 \u00a0 \u00a0 \u00a0 \u00a0 \u00a0 \u00a0 \u00a012,00<\/p>\n<p>10,1 &#8211; 16\u00a0 \u00a0 \u00a0 \u00a0 \u00a0 \u00a0 \u00a0 \u00a0 \u00a0 \u00a0 \u00a0 \u00a0 \u00a0 \u00a0 \u00a0 \u00a0 \u00a0 \u00a0 \u00a0 \u00a0 \u00a0 \u00a0 \u00a0 \u00a0 \u00a0 \u00a0 \u00a015,00<\/p>\n<p>16,1 &#8211; 22\u00a0 \u00a0 \u00a0 \u00a0 \u00a0 \u00a0 \u00a0 \u00a0 \u00a0 \u00a0 \u00a0 \u00a0 \u00a0 \u00a0 \u00a0 \u00a0 \u00a0 \u00a0 \u00a0 \u00a0 \u00a0 \u00a0 \u00a0 \u00a0 \u00a0 \u00a0 22,00<\/p>\n<p>22,1 &#8211; 50\u00a0 \u00a0 \u00a0 \u00a0 \u00a0 \u00a0 \u00a0 \u00a0 \u00a0 \u00a0 \u00a0 \u00a0 \u00a0 \u00a0 \u00a0 \u00a0 \u00a0 \u00a0 \u00a0 \u00a0 \u00a0 \u00a0 \u00a0 \u00a0 \u00a0 \u00a028,00<\/p>\n<p>50,1 &#8211; 100\u00a0 \u00a0 \u00a0 \u00a0 \u00a0 \u00a0 \u00a0 \u00a0 \u00a0 \u00a0 \u00a0 \u00a0 \u00a0 \u00a0 \u00a0 \u00a0 \u00a0 \u00a0 \u00a0 \u00a0 \u00a0 \u00a0 \u00a0 \u00a0 \u00a035,00<\/p>\n<p>COMMANDE &gt; EURO 99,00\u00a0 \u00a0 \u00a0 \u00a0 \u00a0 \u00a0 \u00a0 \u00a0 \u00a0 \u00a00,00<\/p>\n<p>&nbsp;<\/p>\n<p><strong>Pour l&rsquo;Italie, les frais de port pour les commandes sup\u00e9rieurs \u00e0 99,00 \u20ac sont nuls ; <\/strong><\/p>\n<p><strong>Pour toutes les destinations avec une commande minimum de 99,00 \u20ac, sera donn\u00e9 en cadeaux un flacon de 100 ml et un bloc-notes avec notre stylo \u00e0 bille; <\/strong><\/p>\n<p>Pour toutes les destinations, en cas de commandes d\u00e9passant un certain seuil identifi\u00e9s automatiquement par le syst\u00e8me, contacter la soci\u00e9t\u00e9 par email;<\/p>\n<p><strong>\u00a0<\/strong><\/p>\n<p><strong>PAIEMENT <\/strong><\/p>\n<p>Il est possible d&rsquo;acheter les produits et services propos\u00e9s par L\u2019Oleificio Al Mulino di Troia Rosario en choisissant parmi les modes de paiement suivants:<\/p>\n<p><strong>&#8211; Carte de cr\u00e9dit<\/strong><\/p>\n<p><strong>&#8211; Pay Pal <\/strong><\/p>\n<p><strong>&#8211; Virement bancaire anticip\u00e9 <\/strong><\/p>\n<p>&nbsp;<\/p>\n<p><strong>Cartes de cr\u00e9dit <\/strong><\/p>\n<p>Nous acceptons les cartes de cr\u00e9dit : VISA, Master Card, American Express et Postepay (carte pr\u00e9pay\u00e9e rechargeable de Poste Italiane). Ce type de paiement est le plus moderne, le plus simple et le plus rapide.<\/p>\n<p>Les pr\u00e9cieuses informations transmises sont crypt\u00e9es avec le syst\u00e8me SSL, et personne, pas m\u00eame nous, ne peut s&rsquo;en procurer.<\/p>\n<p><strong>Carte de cr\u00e9dit \/ PayPal <\/strong><\/p>\n<p>PayPal propose un syst\u00e8me de micro-paiements en ligne par carte de cr\u00e9dit, agissant comme interm\u00e9diaire entre l&rsquo;utilisateur et le destinataire du paiement.<\/p>\n<p>Avec plus de 100 millions de comptes dans le monde, PayPal offre aux clients la s\u00e9curit\u00e9 que les informations de leur carte n&rsquo;entrent pas en possession de la contrepartie: leurs informations ne sont saisies qu&rsquo;une seule fois et \u00e0 partir de ce moment, il suffit de se connecter \u00e0 leur compte pour effectuer les paiements.<\/p>\n<p>Avec PayPal vous pouvez r\u00e9gler vos achats en associant une carte de cr\u00e9dit Visa, Visa Electron et MasterCard (ou une carte pr\u00e9pay\u00e9e pr\u00e9pay\u00e9e) \u00e0 votre compte, ou en utilisant votre solde.<\/p>\n<p>L&rsquo;inscription est gratuite et rapide ; vous n&rsquo;avez besoin que d&rsquo;une adresse e-mail qui sera \u00e9galement utilis\u00e9e pour notifier chaque transaction effectu\u00e9e.<\/p>\n<p>Payez vos achats en ligne avec PayPal gratuitement et sans partager vos informations financi\u00e8res;<\/p>\n<p>Le vendeur re\u00e7oit votre paiement en toute s\u00e9curit\u00e9 et en temps r\u00e9el sur son compte PayPal. Avec PayPal, vos informations personnelles sont en s\u00e9curit\u00e9 car elles ne sont jamais partag\u00e9es avec le vendeur ; votre vie priv\u00e9e est notre priorit\u00e9.<\/p>\n<p>Le destinataire re\u00e7oit le paiement imm\u00e9diatement ; votre produit peut vous \u00eatre envoy\u00e9 ou mis \u00e0 disposition imm\u00e9diatement.<\/p>\n<p>PayPal prot\u00e8ge vos achats\u2026 achetez en toute confiance. Ce mode de paiement est indispensable pour l&rsquo;achat de biens ou de services par des utilisateurs domicili\u00e9s hors d&rsquo;Italie.<\/p>\n<p><strong>Virement <\/strong><\/p>\n<p>Une fois vous avez effectu\u00e9 cette choix, vous devras suivre cette proc\u00e9dure:<\/p>\n<ol>\n<li>le virement bancaire doit \u00eatre effectu\u00e9 dans les 3 jours ouvrables suivant la passation de la commande ;<\/li>\n<li>le motif \u00e0 d\u00e9clarer sur le virement bancaire doit indiquer l&rsquo;art. achet\u00e9 et un num\u00e9ro de t\u00e9l\u00e9phone valide\u00a0;<\/li>\n<li>le virement bancaire doit \u00eatre effectu\u00e9 en faveur de\u00a0:<\/li>\n<\/ol>\n<p>Oleificio Al Mulino di Troia Rosario<\/p>\n<p>BANCA DEL FUCINO (Agence de Palerme)<\/p>\n<p>Iban : IT91G0312404600000000006499<\/p>\n<p>Code Swift\u00a0: BAFUITRRXX<\/p>\n<p>Envoyez une copie du re\u00e7u de paiement \u00e0 info@oleificioalmulino.it<\/p>\n<p><strong>Paiement \u00e0 la livraison (uniquement pour les livrason en Italie) pour un montant maximum de 100 euros <\/strong><\/p>\n<p>En cas d&rsquo;achat \u00e0 la livraison, une participation suppl\u00e9mentaire de 5,00 Euros est appliqu\u00e9e sur le montant total de la commande. Ce montant est clairement mis en \u00e9vidence au moment du choix du mode de paiement. Le paiement doit \u00eatre effectu\u00e9 au coursier en esp\u00e8ces (somme exacte, la possibilit\u00e9 du changement n&rsquo;est pas pr\u00e9vue).<\/p>\n","protected":false},"excerpt":{"rendered":"<p>TARIFS ET FACTURATION Les prix, publi\u00e9s \u00e0 c\u00f4t\u00e9 de chaque [&hellip;]<\/p>\n","protected":false},"author":2,"featured_media":0,"parent":0,"menu_order":0,"comment_status":"closed","ping_status":"closed","template":"","meta":{"inline_featured_image":false,"footnotes":""},"class_list":["post-5053","page","type-page","status-publish","hentry"],"_links":{"self":[{"href":"https:\/\/oleificioalmulino.it\/fr\/wp-json\/wp\/v2\/pages\/5053"}],"collection":[{"href":"https:\/\/oleificioalmulino.it\/fr\/wp-json\/wp\/v2\/pages"}],"about":[{"href":"https:\/\/oleificioalmulino.it\/fr\/wp-json\/wp\/v2\/types\/page"}],"author":[{"embeddable":true,"href":"https:\/\/oleificioalmulino.it\/fr\/wp-json\/wp\/v2\/users\/2"}],"replies":[{"embeddable":true,"href":"https:\/\/oleificioalmulino.it\/fr\/wp-json\/wp\/v2\/comments?post=5053"}],"version-history":[{"count":0,"href":"https:\/\/oleificioalmulino.it\/fr\/wp-json\/wp\/v2\/pages\/5053\/revisions"}],"wp:attachment":[{"href":"https:\/\/oleificioalmulino.it\/fr\/wp-json\/wp\/v2\/media?parent=5053"}],"curies":[{"name":"wp","href":"https:\/\/api.w.org\/{rel}","templated":true}]}}