{"id":5697,"date":"2024-05-17T11:24:19","date_gmt":"2024-05-17T09:24:19","guid":{"rendered":"https:\/\/oleificioalmulino.it\/?page_id=5697"},"modified":"2024-05-17T11:24:19","modified_gmt":"2024-05-17T09:24:19","slug":"uppfattad-kvalitet-och-verklig-kvalitet","status":"publish","type":"page","link":"https:\/\/oleificioalmulino.it\/sv\/uppfattad-kvalitet-och-verklig-kvalitet\/","title":{"rendered":"Uppfattad kvalitet och verklig kvalitet"},"content":{"rendered":"<p>Det finns en betydande skillnad mellan uppfattningen om kvaliteten p\u00e5 en produkt och dess verkliga kvalitet. De kontinuerliga budskapen vi f\u00e5r utifr\u00e5n, och som vi idag \u00f6ver\u00f6ses med, har ofta f\u00f6rm\u00e5gan att f\u00f6rvr\u00e4nga verkligheten och radikalt och negativt p\u00e5verka v\u00e5ra val. Allt oftare p\u00e5verkas politiska beslut, b\u00e5de p\u00e5 internationell och nationell niv\u00e5, av stora internationella grupper som har en allt st\u00f6rre makt. I det h\u00e4r sammanhanget h\u00e5lls konsumenterna ofta inte bara ovetande om de faktiska egenskaperna, kvaliteten och ursprunget hos livsmedelsprodukterna, utan de leds ocks\u00e5 l\u00e4tt vilse och styrs mot motsatta riktningar j\u00e4mf\u00f6rt med de verkliga. Detta \u00e4r fallet inom olivoljesektorn d\u00e4r f\u00f6rvr\u00e4ngda uppgifter som har g\u00e5tt igenom tiden helt har omformat och nedgraderat en sektor av absolut betydelse f\u00f6r Italiens ekonomi. Vad vi har bevittnat fr\u00e5n efterkrigstiden till idag \u00e4r en gradvis, planerad och vetenskaplig avplaning av olivsmaken, fr\u00e4mjas av stora f\u00f6retagsgrupper som bedriver massproduktion och som s\u00e4llan str\u00e4var efter riktiga kvalitetsstandarder f\u00f6r produkten. I b\u00e4sta fall erbjuder dessa verkligheter blandningar av extra jungfruoljor fr\u00e5n olika platser och av l\u00e5g kvalitet, som ofta har en mycket platt smak. Det \u00e4r precis motsatsen till vad en extra jungfruolivolja b\u00f6r representera, d\u00e4r produktens s\u00e4rdrag b\u00f6r vara tydliga i smaken. F\u00f6r att inte tala om det stora antalet f\u00f6rfalskningar inom sektorn. Idag \u00e4r paradoxen, som jag som liten oljeproducent upplever, att konsumenten ofta inte kan skilja p\u00e5 bra och d\u00e5lig produkt. Jag h\u00f6r m\u00e4nniskor f\u00f6redra &#8221;delikata och platta smaker&#8221; av produkter d\u00e4r de positiva och h\u00e4lsosamma egenskaperna n\u00e4stan \u00e4r helt f\u00f6rlorade, j\u00e4mf\u00f6rt med smaker som etiketteras som &#8221;f\u00f6r starka&#8221; d\u00e4r bitter och pepprig smak \u00e4r tydliga, vilket \u00e4r synonymt med god kvalitet. Med tanke p\u00e5 de stora intressen som \u00e4r inblandade, har allt detta varit m\u00f6jligt tack vare europeiska politiker som \u00e4r eftergifter mot stora internationella grupper, som alla stater, inklusive Italien, b\u00f6jt sig f\u00f6r utan ens att protestera. Idag \u00e4r Italien, efter Spanien, den n\u00e4st st\u00f6rsta oljeproducenten i v\u00e4rlden, men samtidigt den st\u00f6rsta import\u00f6ren av olja fr\u00e5n utlandet. \u00c4r vi s\u00e4kra p\u00e5 att allt som s\u00e5 intensivt marknadsf\u00f6rs och hyllas som &#8221;made in Italy&#8221; verkligen \u00e4r italienskt?<\/p>\n<p><img decoding=\"async\" class=\"alignright wp-image-3684 lazyload\" src=\"data:image\/gif;base64,R0lGODlhAQABAIAAAAAAAP\/\/\/yH5BAEAAAAALAAAAAABAAEAAAIBRAA7\" data-src=\"https:\/\/oleificioalmulino.it\/wp-content\/uploads\/2021\/06\/3suicidio.png\" alt=\"\" width=\"623\" height=\"356\" \/><noscript><img decoding=\"async\" class=\"alignright wp-image-3684 lazyload\" src=\"https:\/\/oleificioalmulino.it\/wp-content\/uploads\/2021\/06\/3suicidio.png\" alt=\"\" width=\"623\" height=\"356\" srcset=\"https:\/\/oleificioalmulino.it\/wp-content\/uploads\/2021\/06\/3suicidio-200x114.png 200w, https:\/\/oleificioalmulino.it\/wp-content\/uploads\/2021\/06\/3suicidio-300x171.png 300w, https:\/\/oleificioalmulino.it\/wp-content\/uploads\/2021\/06\/3suicidio-400x229.png 400w, https:\/\/oleificioalmulino.it\/wp-content\/uploads\/2021\/06\/3suicidio-500x286.png 500w, https:\/\/oleificioalmulino.it\/wp-content\/uploads\/2021\/06\/3suicidio-600x343.png 600w, https:\/\/oleificioalmulino.it\/wp-content\/uploads\/2021\/06\/3suicidio.png 700w\" sizes=\"(max-width: 623px) 100vw, 623px\" \/><\/noscript><\/p>\n<p>I januari 2014 i USA publicerades en tecknad serie om olivolja i New York Times, vilken skapade stor uppst\u00e5ndelse i allm\u00e4nhetens opinion. Serien kallas &#8221;Olivoljans sj\u00e4lvmord&#8221; och skapades av den amerikanska journalisten Nicholas Blechman, som anv\u00e4nde sig av flera dokument och anklagelser fr\u00e5n \u00e4ven n\u00e5gra italienska kollegor som f\u00f6rs\u00f6kt f\u00f6rklara hur siffrorna inte st\u00e4mmer inom denna sektor. Kort sagt handlar serien om en italiensk produkt av absolut excellens, extra jungfruolivolja, som \u00f6ver \u00e5ren har degraderats till en medelm\u00e5ttig\/d\u00e5lig produkt och s\u00e4ljs till mycket l\u00e5ga priser i stora varuhus \u00f6ver hela v\u00e4rlden. Det \u00e4r praktiskt taget en italiensk produkt av h\u00f6gsta kvalitet som har beg\u00e5tt sj\u00e4lvmord! Som m\u00e5nga \u00e4rliga producenter och m\u00e5nga TV-reportage har p\u00e5pekat \u00e4r det om\u00f6jligt att producera en extra jungfruolivolja av god kvalitet och sedan s\u00e4lja den under produktionskostnaderna. N\u00e5got st\u00e4mmer inte och ingen g\u00f6r n\u00e5got f\u00f6r att l\u00f6sa problemet. Trots uttalanden g\u00e5r politiken ofta i motsatt riktning och gynnar starka krafter och massproduktion p\u00e5 bekostnad av sm\u00e5 verksamheter som st\u00f6ter p\u00e5 enorma hinder bara f\u00f6r att f\u00f6resl\u00e5 produktion av verklig kvalitet.<\/p>\n<p>Lyckligtvis h\u00e5ller n\u00e5got p\u00e5 att f\u00f6r\u00e4ndras, och \u00e4ven tack vare \u00f6kad tillg\u00e5ng till information b\u00f6rjar m\u00e4nniskor \u00f6ppna sina \u00f6gon.<\/p>\n","protected":false},"excerpt":{"rendered":"<p>Det finns en betydande skillnad mellan uppfattningen om kvaliteten p\u00e5 [&hellip;]<\/p>\n","protected":false},"author":1,"featured_media":0,"parent":0,"menu_order":0,"comment_status":"closed","ping_status":"closed","template":"","meta":{"inline_featured_image":false,"footnotes":""},"class_list":["post-5697","page","type-page","status-publish","hentry"],"_links":{"self":[{"href":"https:\/\/oleificioalmulino.it\/sv\/wp-json\/wp\/v2\/pages\/5697"}],"collection":[{"href":"https:\/\/oleificioalmulino.it\/sv\/wp-json\/wp\/v2\/pages"}],"about":[{"href":"https:\/\/oleificioalmulino.it\/sv\/wp-json\/wp\/v2\/types\/page"}],"author":[{"embeddable":true,"href":"https:\/\/oleificioalmulino.it\/sv\/wp-json\/wp\/v2\/users\/1"}],"replies":[{"embeddable":true,"href":"https:\/\/oleificioalmulino.it\/sv\/wp-json\/wp\/v2\/comments?post=5697"}],"version-history":[{"count":0,"href":"https:\/\/oleificioalmulino.it\/sv\/wp-json\/wp\/v2\/pages\/5697\/revisions"}],"wp:attachment":[{"href":"https:\/\/oleificioalmulino.it\/sv\/wp-json\/wp\/v2\/media?parent=5697"}],"curies":[{"name":"wp","href":"https:\/\/api.w.org\/{rel}","templated":true}]}}